{"id":7269,"date":"2025-03-19T11:41:53","date_gmt":"2025-03-19T11:41:53","guid":{"rendered":"https:\/\/www.goryapiinsaat.com\/?page_id=7269"},"modified":"2025-03-19T11:42:23","modified_gmt":"2025-03-19T11:42:23","slug":"kalite-standartlarimiz","status":"publish","type":"page","link":"https:\/\/www.goryapiinsaat.com\/index.php\/kalite-standartlarimiz\/","title":{"rendered":"Kalite Standartlar\u0131m\u0131z"},"content":{"rendered":"\t\t<div data-elementor-type=\"wp-page\" data-elementor-id=\"7269\" class=\"elementor elementor-7269\">\n\t\t\t\t<div class=\"elementor-element elementor-element-4549dfa e-flex e-con-boxed e-con e-parent\" data-id=\"4549dfa\" data-element_type=\"container\" data-settings=\"{&quot;ekit_has_onepagescroll_dot&quot;:&quot;yes&quot;}\">\n\t\t\t\t\t<div class=\"e-con-inner\">\n\t\t\t\t<div class=\"elementor-element elementor-element-81a02ca elementor-widget elementor-widget-text-editor\" data-id=\"81a02ca\" data-element_type=\"widget\" data-settings=\"{&quot;ekit_we_effect_on&quot;:&quot;none&quot;}\" data-widget_type=\"text-editor.default\">\n\t\t\t\t<div class=\"elementor-widget-container\">\n\t\t\t\t\t\t\t\t\t<p>ISO 9001:2000 kalite standard\u0131 ile, in\u015fa etti\u011fimiz yap\u0131larda kaliteyi, m\u00fc\u015fteri memnuniyetini ve s\u00fcrekli iyile\u015ftirmeyi hedeflemekteyiz.<\/p><p>ISO 14001 standard\u0131 ile, \u00e7evreye verebilece\u011fimiz zararlar\u0131 azaltmay\u0131, m\u00fcmk\u00fcn ise tamamen ortadan kald\u0131rmay\u0131 b\u00f6ylece k\u00fcresel \u0131s\u0131nma sorununun g\u00fcn ge\u00e7tik\u00e7e daha \u00e7ok g\u00fcndeme geldi\u011fi d\u00fcnyam\u0131zda \u00e7evreye olan sorumlulu\u011fumuzu yerine getirmeyi hedeflemekteyiz.<\/p><p>OHSAS 18001 standard\u0131 ile de sekt\u00f6rde kar\u015f\u0131la\u015f\u0131lan en \u00f6nemli sorunlardan biri olan \u00e7al\u0131\u015fma esnas\u0131nda olu\u015fabilecek i\u015f kazalar\u0131n\u0131 minimuma indirmeyi, m\u00fcmk\u00fcnse tamamen ortadan kald\u0131rmay\u0131 hedeflemekteyiz.<\/p>\t\t\t\t\t\t\t\t<\/div>\n\t\t\t\t<\/div>\n\t\t\t\t\t<\/div>\n\t\t\t\t<\/div>\n\t\t\t\t<\/div>\n\t\t","protected":false},"excerpt":{"rendered":"<p>ISO 9001:2000 kalite standard\u0131 ile, in\u015fa etti\u011fimiz yap\u0131larda kaliteyi, m\u00fc\u015fteri memnuniyetini ve [&hellip;]<\/p>\n","protected":false},"author":1,"featured_media":0,"parent":0,"menu_order":0,"comment_status":"closed","ping_status":"closed","template":"","meta":{"footnotes":""},"class_list":["post-7269","page","type-page","status-publish","hentry"],"yoast_head":"<!-- This site is optimized with the Yoast SEO plugin v26.3 - https:\/\/yoast.com\/wordpress\/plugins\/seo\/ -->\r\n<title>Kalite Standartlar\u0131m\u0131z - G\u00f6r Yap\u0131<\/title>\r\n<meta name=\"description\" content=\"Bakg\u00f6rler, BAKG\u00d6R in\u015faat, g\u00f6r yap, G\u00f6ryap\u0131, ona in\u015faat, y B Holding ,y B in\u015faat, Ono Holding, Bakyap\u0131, bak Yap\u0131 in\u015faat, Bursa Akp\u0131nar mahallesi, Bursa balat, Bursa Nil\u00fcfer in\u015faat, Bursa\u2019da anahtar teslim ev yap\u0131m\u0131, bursa in\u015faat firmas\u0131, bursa m\u00fcteahhitlik hizmetleri, Anahtar teslim in\u015faat, Konut in\u015faat\u0131, Ticari bina in\u015faat\u0131, G\u00f6r Yap\u0131, Yeni nesil ya\u015fam alanlar\u0131\" \/>\r\n<meta name=\"robots\" content=\"index, follow, max-snippet:-1, max-image-preview:large, max-video-preview:-1\" \/>\r\n<link rel=\"canonical\" href=\"https:\/\/www.goryapiinsaat.com\/index.php\/kalite-standartlarimiz\/\" \/>\r\n<meta property=\"og:locale\" content=\"en_GB\" \/>\r\n<meta property=\"og:type\" content=\"article\" \/>\r\n<meta property=\"og:title\" content=\"Kalite Standartlar\u0131m\u0131z - G\u00f6r Yap\u0131\" \/>\r\n<meta property=\"og:description\" content=\"Bakg\u00f6rler, BAKG\u00d6R in\u015faat, g\u00f6r yap, G\u00f6ryap\u0131, ona in\u015faat, y B Holding ,y B in\u015faat, Ono Holding, Bakyap\u0131, bak Yap\u0131 in\u015faat, Bursa Akp\u0131nar mahallesi, Bursa balat, Bursa Nil\u00fcfer in\u015faat, Bursa\u2019da anahtar teslim ev yap\u0131m\u0131, bursa in\u015faat firmas\u0131, bursa m\u00fcteahhitlik hizmetleri, Anahtar teslim in\u015faat, Konut in\u015faat\u0131, Ticari bina in\u015faat\u0131, G\u00f6r Yap\u0131, Yeni nesil ya\u015fam alanlar\u0131\" \/>\r\n<meta property=\"og:url\" content=\"https:\/\/www.goryapiinsaat.com\/index.php\/kalite-standartlarimiz\/\" \/>\r\n<meta property=\"og:site_name\" content=\"G\u00f6r Yap\u0131\" \/>\r\n<meta property=\"article:modified_time\" content=\"2025-03-19T11:42:23+00:00\" \/>\r\n<meta name=\"twitter:card\" content=\"summary_large_image\" \/>\r\n<script type=\"application\/ld+json\" class=\"yoast-schema-graph\">{\"@context\":\"https:\/\/schema.org\",\"@graph\":[{\"@type\":\"WebPage\",\"@id\":\"https:\/\/www.goryapiinsaat.com\/index.php\/kalite-standartlarimiz\/\",\"url\":\"https:\/\/www.goryapiinsaat.com\/index.php\/kalite-standartlarimiz\/\",\"name\":\"Kalite Standartlar\u0131m\u0131z - G\u00f6r Yap\u0131\",\"isPartOf\":{\"@id\":\"https:\/\/www.goryapiinsaat.com\/#website\"},\"datePublished\":\"2025-03-19T11:41:53+00:00\",\"dateModified\":\"2025-03-19T11:42:23+00:00\",\"description\":\"Bakg\u00f6rler, BAKG\u00d6R in\u015faat, g\u00f6r yap, G\u00f6ryap\u0131, ona in\u015faat, y B Holding ,y B in\u015faat, Ono Holding, Bakyap\u0131, bak Yap\u0131 in\u015faat, Bursa Akp\u0131nar mahallesi, Bursa balat, Bursa Nil\u00fcfer in\u015faat, Bursa\u2019da anahtar teslim ev yap\u0131m\u0131, bursa in\u015faat firmas\u0131, bursa m\u00fcteahhitlik hizmetleri, Anahtar teslim in\u015faat, Konut in\u015faat\u0131, Ticari bina in\u015faat\u0131, G\u00f6r Yap\u0131, Yeni nesil ya\u015fam alanlar\u0131\",\"breadcrumb\":{\"@id\":\"https:\/\/www.goryapiinsaat.com\/index.php\/kalite-standartlarimiz\/#breadcrumb\"},\"inLanguage\":\"en-GB\",\"potentialAction\":[{\"@type\":\"ReadAction\",\"target\":[\"https:\/\/www.goryapiinsaat.com\/index.php\/kalite-standartlarimiz\/\"]}]},{\"@type\":\"BreadcrumbList\",\"@id\":\"https:\/\/www.goryapiinsaat.com\/index.php\/kalite-standartlarimiz\/#breadcrumb\",\"itemListElement\":[{\"@type\":\"ListItem\",\"position\":1,\"name\":\"Home\",\"item\":\"https:\/\/www.goryapiinsaat.com\/\"},{\"@type\":\"ListItem\",\"position\":2,\"name\":\"Kalite Standartlar\u0131m\u0131z\"}]},{\"@type\":\"WebSite\",\"@id\":\"https:\/\/www.goryapiinsaat.com\/#website\",\"url\":\"https:\/\/www.goryapiinsaat.com\/\",\"name\":\"G\u00f6r Yap\u0131\",\"description\":\"\",\"publisher\":{\"@id\":\"https:\/\/www.goryapiinsaat.com\/#organization\"},\"potentialAction\":[{\"@type\":\"SearchAction\",\"target\":{\"@type\":\"EntryPoint\",\"urlTemplate\":\"https:\/\/www.goryapiinsaat.com\/?s={search_term_string}\"},\"query-input\":{\"@type\":\"PropertyValueSpecification\",\"valueRequired\":true,\"valueName\":\"search_term_string\"}}],\"inLanguage\":\"en-GB\"},{\"@type\":\"Organization\",\"@id\":\"https:\/\/www.goryapiinsaat.com\/#organization\",\"name\":\"G\u00f6r Yap\u0131\",\"url\":\"https:\/\/www.goryapiinsaat.com\/\",\"logo\":{\"@type\":\"ImageObject\",\"inLanguage\":\"en-GB\",\"@id\":\"https:\/\/www.goryapiinsaat.com\/#\/schema\/logo\/image\/\",\"url\":\"https:\/\/www.goryapiinsaat.com\/wp-content\/uploads\/2024\/06\/LOGO100h.png\",\"contentUrl\":\"https:\/\/www.goryapiinsaat.com\/wp-content\/uploads\/2024\/06\/LOGO100h.png\",\"width\":182,\"height\":100,\"caption\":\"G\u00f6r Yap\u0131\"},\"image\":{\"@id\":\"https:\/\/www.goryapiinsaat.com\/#\/schema\/logo\/image\/\"}}]}<\/script>\r\n<!-- \/ Yoast SEO plugin. -->","yoast_head_json":{"title":"Kalite Standartlar\u0131m\u0131z - G\u00f6r Yap\u0131","description":"Bakg\u00f6rler, BAKG\u00d6R in\u015faat, g\u00f6r yap, G\u00f6ryap\u0131, ona in\u015faat, y B Holding ,y B in\u015faat, Ono Holding, Bakyap\u0131, bak Yap\u0131 in\u015faat, Bursa Akp\u0131nar mahallesi, Bursa balat, Bursa Nil\u00fcfer in\u015faat, Bursa\u2019da anahtar teslim ev yap\u0131m\u0131, bursa in\u015faat firmas\u0131, bursa m\u00fcteahhitlik hizmetleri, Anahtar teslim in\u015faat, Konut in\u015faat\u0131, Ticari bina in\u015faat\u0131, G\u00f6r Yap\u0131, Yeni nesil ya\u015fam alanlar\u0131","robots":{"index":"index","follow":"follow","max-snippet":"max-snippet:-1","max-image-preview":"max-image-preview:large","max-video-preview":"max-video-preview:-1"},"canonical":"https:\/\/www.goryapiinsaat.com\/index.php\/kalite-standartlarimiz\/","og_locale":"en_GB","og_type":"article","og_title":"Kalite Standartlar\u0131m\u0131z - G\u00f6r Yap\u0131","og_description":"Bakg\u00f6rler, BAKG\u00d6R in\u015faat, g\u00f6r yap, G\u00f6ryap\u0131, ona in\u015faat, y B Holding ,y B in\u015faat, Ono Holding, Bakyap\u0131, bak Yap\u0131 in\u015faat, Bursa Akp\u0131nar mahallesi, Bursa balat, Bursa Nil\u00fcfer in\u015faat, Bursa\u2019da anahtar teslim ev yap\u0131m\u0131, bursa in\u015faat firmas\u0131, bursa m\u00fcteahhitlik hizmetleri, Anahtar teslim in\u015faat, Konut in\u015faat\u0131, Ticari bina in\u015faat\u0131, G\u00f6r Yap\u0131, Yeni nesil ya\u015fam alanlar\u0131","og_url":"https:\/\/www.goryapiinsaat.com\/index.php\/kalite-standartlarimiz\/","og_site_name":"G\u00f6r Yap\u0131","article_modified_time":"2025-03-19T11:42:23+00:00","twitter_card":"summary_large_image","schema":{"@context":"https:\/\/schema.org","@graph":[{"@type":"WebPage","@id":"https:\/\/www.goryapiinsaat.com\/index.php\/kalite-standartlarimiz\/","url":"https:\/\/www.goryapiinsaat.com\/index.php\/kalite-standartlarimiz\/","name":"Kalite Standartlar\u0131m\u0131z - G\u00f6r Yap\u0131","isPartOf":{"@id":"https:\/\/www.goryapiinsaat.com\/#website"},"datePublished":"2025-03-19T11:41:53+00:00","dateModified":"2025-03-19T11:42:23+00:00","description":"Bakg\u00f6rler, BAKG\u00d6R in\u015faat, g\u00f6r yap, G\u00f6ryap\u0131, ona in\u015faat, y B Holding ,y B in\u015faat, Ono Holding, Bakyap\u0131, bak Yap\u0131 in\u015faat, Bursa Akp\u0131nar mahallesi, Bursa balat, Bursa Nil\u00fcfer in\u015faat, Bursa\u2019da anahtar teslim ev yap\u0131m\u0131, bursa in\u015faat firmas\u0131, bursa m\u00fcteahhitlik hizmetleri, Anahtar teslim in\u015faat, Konut in\u015faat\u0131, Ticari bina in\u015faat\u0131, G\u00f6r Yap\u0131, Yeni nesil ya\u015fam alanlar\u0131","breadcrumb":{"@id":"https:\/\/www.goryapiinsaat.com\/index.php\/kalite-standartlarimiz\/#breadcrumb"},"inLanguage":"en-GB","potentialAction":[{"@type":"ReadAction","target":["https:\/\/www.goryapiinsaat.com\/index.php\/kalite-standartlarimiz\/"]}]},{"@type":"BreadcrumbList","@id":"https:\/\/www.goryapiinsaat.com\/index.php\/kalite-standartlarimiz\/#breadcrumb","itemListElement":[{"@type":"ListItem","position":1,"name":"Home","item":"https:\/\/www.goryapiinsaat.com\/"},{"@type":"ListItem","position":2,"name":"Kalite Standartlar\u0131m\u0131z"}]},{"@type":"WebSite","@id":"https:\/\/www.goryapiinsaat.com\/#website","url":"https:\/\/www.goryapiinsaat.com\/","name":"G\u00f6r Yap\u0131","description":"","publisher":{"@id":"https:\/\/www.goryapiinsaat.com\/#organization"},"potentialAction":[{"@type":"SearchAction","target":{"@type":"EntryPoint","urlTemplate":"https:\/\/www.goryapiinsaat.com\/?s={search_term_string}"},"query-input":{"@type":"PropertyValueSpecification","valueRequired":true,"valueName":"search_term_string"}}],"inLanguage":"en-GB"},{"@type":"Organization","@id":"https:\/\/www.goryapiinsaat.com\/#organization","name":"G\u00f6r Yap\u0131","url":"https:\/\/www.goryapiinsaat.com\/","logo":{"@type":"ImageObject","inLanguage":"en-GB","@id":"https:\/\/www.goryapiinsaat.com\/#\/schema\/logo\/image\/","url":"https:\/\/www.goryapiinsaat.com\/wp-content\/uploads\/2024\/06\/LOGO100h.png","contentUrl":"https:\/\/www.goryapiinsaat.com\/wp-content\/uploads\/2024\/06\/LOGO100h.png","width":182,"height":100,"caption":"G\u00f6r Yap\u0131"},"image":{"@id":"https:\/\/www.goryapiinsaat.com\/#\/schema\/logo\/image\/"}}]}},"_links":{"self":[{"href":"https:\/\/www.goryapiinsaat.com\/index.php\/wp-json\/wp\/v2\/pages\/7269","targetHints":{"allow":["GET"]}}],"collection":[{"href":"https:\/\/www.goryapiinsaat.com\/index.php\/wp-json\/wp\/v2\/pages"}],"about":[{"href":"https:\/\/www.goryapiinsaat.com\/index.php\/wp-json\/wp\/v2\/types\/page"}],"author":[{"embeddable":true,"href":"https:\/\/www.goryapiinsaat.com\/index.php\/wp-json\/wp\/v2\/users\/1"}],"replies":[{"embeddable":true,"href":"https:\/\/www.goryapiinsaat.com\/index.php\/wp-json\/wp\/v2\/comments?post=7269"}],"version-history":[{"count":4,"href":"https:\/\/www.goryapiinsaat.com\/index.php\/wp-json\/wp\/v2\/pages\/7269\/revisions"}],"predecessor-version":[{"id":7273,"href":"https:\/\/www.goryapiinsaat.com\/index.php\/wp-json\/wp\/v2\/pages\/7269\/revisions\/7273"}],"wp:attachment":[{"href":"https:\/\/www.goryapiinsaat.com\/index.php\/wp-json\/wp\/v2\/media?parent=7269"}],"curies":[{"name":"wp","href":"https:\/\/api.w.org\/{rel}","templated":true}]}}