{"id":7261,"date":"2025-03-19T11:39:54","date_gmt":"2025-03-19T11:39:54","guid":{"rendered":"https:\/\/www.goryapiinsaat.com\/?page_id=7261"},"modified":"2025-03-19T11:41:12","modified_gmt":"2025-03-19T11:41:12","slug":"is-guvenligi-politikamiz","status":"publish","type":"page","link":"https:\/\/www.goryapiinsaat.com\/index.php\/is-guvenligi-politikamiz\/","title":{"rendered":"\u0130\u015f G\u00fcvenli\u011fi Politikam\u0131z"},"content":{"rendered":"\t\t<div data-elementor-type=\"wp-page\" data-elementor-id=\"7261\" class=\"elementor elementor-7261\">\n\t\t\t\t<div class=\"elementor-element elementor-element-6010d93 e-flex e-con-boxed e-con e-parent\" data-id=\"6010d93\" data-element_type=\"container\" data-settings=\"{&quot;ekit_has_onepagescroll_dot&quot;:&quot;yes&quot;}\">\n\t\t\t\t\t<div class=\"e-con-inner\">\n\t\t\t\t<div class=\"elementor-element elementor-element-7fcb1e5 elementor-widget elementor-widget-text-editor\" data-id=\"7fcb1e5\" data-element_type=\"widget\" data-settings=\"{&quot;ekit_we_effect_on&quot;:&quot;none&quot;}\" data-widget_type=\"text-editor.default\">\n\t\t\t\t<div class=\"elementor-widget-container\">\n\t\t\t\t\t\t\t\t\t<p>\u0130\u015f g\u00fcvenli\u011fi ve \u00e7al\u0131\u015fanlar\u0131n\u0131n sa\u011fl\u0131\u011f\u0131, G\u00d6R YAPI \u0130n\u015faat\u2019\u0131n vazge\u00e7ilmez \u00f6nceli\u011fidir. G\u00fcvenli ve sa\u011fl\u0131kl\u0131 bir \u00e7al\u0131\u015fma ortam\u0131 yaratarak, olu\u015fabilecek her t\u00fcrl\u00fc kayb\u0131 en aza indirmeyi \u00f6ncelikli hedefi olarak benimseyen G\u00d6R YAPI \u0130n\u015faat , bu do\u011frultuda;<\/p><p>Yaralanmalar\u0131 ve sa\u011fl\u0131k bozulmalar\u0131n\u0131 \u00f6nlemek i\u00e7in her t\u00fcrl\u00fc \u00f6nlemi al\u0131r, \u0130\u015f Sa\u011fl\u0131\u011f\u0131 ve G\u00fcvenli\u011fi (\u0130SG) Y\u00f6netimini ve \u0130SG Performans\u0131n\u0131 s\u00fcrekli geli\u015ftirir.<\/p><p>\u0130SG konular\u0131 ile ilgili olarak en az\u0131ndan y\u00fcr\u00fcrl\u00fckteki yasal \u0130SG mevzuat\u0131na ve \u00fcyesi oldu\u011fu kurulu\u015flar\u0131n di\u011fer \u015fartlar\u0131na uyar.<\/p><p>\u0130SG ile ilgili t\u00fcm \u00e7al\u0131\u015fmalar\u0131n\u0131n, olu\u015fturdu\u011fu politikalar do\u011frultusunda yap\u0131lmas\u0131n\u0131 ve bunun s\u00fcreklili\u011fini sa\u011flar.<\/p><p>\u00c7al\u0131\u015fan t\u00fcm personelin bireysel \u0130SG sorumluluklar\u0131n\u0131n fark\u0131nda olmas\u0131n\u0131 sa\u011flamak i\u00e7in gerekli duyurular\u0131 yapar, e\u011fitim ve bilin\u00e7lendirme \u00e7al\u0131\u015fmalar\u0131 y\u00fcr\u00fct\u00fcr.<\/p><p>\u0130SG konular\u0131nda yap\u0131lanlar\u0131n ilgili taraflara uygun ve ilgili taraflarca ula\u015f\u0131labilir olmas\u0131n\u0131 sa\u011flar<\/p><p>\u0130SG politikas\u0131n\u0131n \u00e7al\u0131\u015fanlar\u0131na uygun olmas\u0131 ve uygun olarak kalmas\u0131n\u0131 temin etmek \u00fczere politikas\u0131n\u0131 s\u00fcrekli olarak g\u00f6zden ge\u00e7irir.<\/p><p>Faaliyetleri s\u0131ras\u0131nda t\u00fcm \u00e7al\u0131\u015fanlar\u0131n\u0131 ve faaliyetlerinden etkilenebilecek di\u011fer ki\u015fileri, i\u015f ile ilgili yaralanma ve hastal\u0131klardan korur<\/p><p>\u00c7al\u0131\u015fanlar\u0131yla ilgili olarak kendisinin ve di\u011fer \u015fah\u0131slar\u0131n can\u0131na, mal\u0131na ve m\u00fclk\u00fcne zarar vermemek i\u00e7in tehlikeyi daha ba\u015flang\u0131\u00e7 a\u015famas\u0131nda kontrol edip s\u00fcrekli izleyerek gerekli d\u00fczenlemeleri yapar ve uygulama a\u015famas\u0131nda m\u00fcmk\u00fcn olan her t\u00fcrl\u00fc korumay\u0131 sa\u011flar<\/p>\t\t\t\t\t\t\t\t<\/div>\n\t\t\t\t<\/div>\n\t\t\t\t\t<\/div>\n\t\t\t\t<\/div>\n\t\t\t\t<\/div>\n\t\t","protected":false},"excerpt":{"rendered":"<p>\u0130\u015f g\u00fcvenli\u011fi ve \u00e7al\u0131\u015fanlar\u0131n\u0131n sa\u011fl\u0131\u011f\u0131, G\u00d6R YAPI \u0130n\u015faat\u2019\u0131n vazge\u00e7ilmez \u00f6nceli\u011fidir. G\u00fcvenli ve [&hellip;]<\/p>\n","protected":false},"author":1,"featured_media":0,"parent":0,"menu_order":0,"comment_status":"closed","ping_status":"closed","template":"","meta":{"footnotes":""},"class_list":["post-7261","page","type-page","status-publish","hentry"],"yoast_head":"<!-- This site is optimized with the Yoast SEO plugin v26.3 - https:\/\/yoast.com\/wordpress\/plugins\/seo\/ -->\r\n<title>\u0130\u015f G\u00fcvenli\u011fi Politikam\u0131z - G\u00f6r Yap\u0131<\/title>\r\n<meta name=\"description\" content=\"Bakg\u00f6rler, BAKG\u00d6R in\u015faat, g\u00f6r yap, G\u00f6ryap\u0131, ona in\u015faat, y B Holding ,y B in\u015faat, Ono Holding, Bakyap\u0131, bak Yap\u0131 in\u015faat, Bursa Akp\u0131nar mahallesi, Bursa balat, Bursa Nil\u00fcfer in\u015faat, Bursa\u2019da anahtar teslim ev yap\u0131m\u0131, bursa in\u015faat firmas\u0131, bursa m\u00fcteahhitlik hizmetleri, Anahtar teslim in\u015faat, Konut in\u015faat\u0131, Ticari bina in\u015faat\u0131, G\u00f6r Yap\u0131, Yeni nesil ya\u015fam alanlar\u0131\" \/>\r\n<meta name=\"robots\" content=\"index, follow, max-snippet:-1, max-image-preview:large, max-video-preview:-1\" \/>\r\n<link rel=\"canonical\" href=\"https:\/\/www.goryapiinsaat.com\/index.php\/is-guvenligi-politikamiz\/\" \/>\r\n<meta property=\"og:locale\" content=\"en_GB\" \/>\r\n<meta property=\"og:type\" content=\"article\" \/>\r\n<meta property=\"og:title\" content=\"\u0130\u015f G\u00fcvenli\u011fi Politikam\u0131z - G\u00f6r Yap\u0131\" \/>\r\n<meta property=\"og:description\" content=\"Bakg\u00f6rler, BAKG\u00d6R in\u015faat, g\u00f6r yap, G\u00f6ryap\u0131, ona in\u015faat, y B Holding ,y B in\u015faat, Ono Holding, Bakyap\u0131, bak Yap\u0131 in\u015faat, Bursa Akp\u0131nar mahallesi, Bursa balat, Bursa Nil\u00fcfer in\u015faat, Bursa\u2019da anahtar teslim ev yap\u0131m\u0131, bursa in\u015faat firmas\u0131, bursa m\u00fcteahhitlik hizmetleri, Anahtar teslim in\u015faat, Konut in\u015faat\u0131, Ticari bina in\u015faat\u0131, G\u00f6r Yap\u0131, Yeni nesil ya\u015fam alanlar\u0131\" \/>\r\n<meta property=\"og:url\" content=\"https:\/\/www.goryapiinsaat.com\/index.php\/is-guvenligi-politikamiz\/\" \/>\r\n<meta property=\"og:site_name\" content=\"G\u00f6r Yap\u0131\" \/>\r\n<meta property=\"article:modified_time\" content=\"2025-03-19T11:41:12+00:00\" \/>\r\n<meta name=\"twitter:card\" content=\"summary_large_image\" \/>\r\n<meta name=\"twitter:label1\" content=\"Estimated reading time\" \/>\n\t<meta name=\"twitter:data1\" content=\"1 minute\" \/>\r\n<script type=\"application\/ld+json\" class=\"yoast-schema-graph\">{\"@context\":\"https:\/\/schema.org\",\"@graph\":[{\"@type\":\"WebPage\",\"@id\":\"https:\/\/www.goryapiinsaat.com\/index.php\/is-guvenligi-politikamiz\/\",\"url\":\"https:\/\/www.goryapiinsaat.com\/index.php\/is-guvenligi-politikamiz\/\",\"name\":\"\u0130\u015f G\u00fcvenli\u011fi Politikam\u0131z - G\u00f6r Yap\u0131\",\"isPartOf\":{\"@id\":\"https:\/\/www.goryapiinsaat.com\/#website\"},\"datePublished\":\"2025-03-19T11:39:54+00:00\",\"dateModified\":\"2025-03-19T11:41:12+00:00\",\"description\":\"Bakg\u00f6rler, BAKG\u00d6R in\u015faat, g\u00f6r yap, G\u00f6ryap\u0131, ona in\u015faat, y B Holding ,y B in\u015faat, Ono Holding, Bakyap\u0131, bak Yap\u0131 in\u015faat, Bursa Akp\u0131nar mahallesi, Bursa balat, Bursa Nil\u00fcfer in\u015faat, Bursa\u2019da anahtar teslim ev yap\u0131m\u0131, bursa in\u015faat firmas\u0131, bursa m\u00fcteahhitlik hizmetleri, Anahtar teslim in\u015faat, Konut in\u015faat\u0131, Ticari bina in\u015faat\u0131, G\u00f6r Yap\u0131, Yeni nesil ya\u015fam alanlar\u0131\",\"breadcrumb\":{\"@id\":\"https:\/\/www.goryapiinsaat.com\/index.php\/is-guvenligi-politikamiz\/#breadcrumb\"},\"inLanguage\":\"en-GB\",\"potentialAction\":[{\"@type\":\"ReadAction\",\"target\":[\"https:\/\/www.goryapiinsaat.com\/index.php\/is-guvenligi-politikamiz\/\"]}]},{\"@type\":\"BreadcrumbList\",\"@id\":\"https:\/\/www.goryapiinsaat.com\/index.php\/is-guvenligi-politikamiz\/#breadcrumb\",\"itemListElement\":[{\"@type\":\"ListItem\",\"position\":1,\"name\":\"Home\",\"item\":\"https:\/\/www.goryapiinsaat.com\/\"},{\"@type\":\"ListItem\",\"position\":2,\"name\":\"\u0130\u015f G\u00fcvenli\u011fi Politikam\u0131z\"}]},{\"@type\":\"WebSite\",\"@id\":\"https:\/\/www.goryapiinsaat.com\/#website\",\"url\":\"https:\/\/www.goryapiinsaat.com\/\",\"name\":\"G\u00f6r Yap\u0131\",\"description\":\"\",\"publisher\":{\"@id\":\"https:\/\/www.goryapiinsaat.com\/#organization\"},\"potentialAction\":[{\"@type\":\"SearchAction\",\"target\":{\"@type\":\"EntryPoint\",\"urlTemplate\":\"https:\/\/www.goryapiinsaat.com\/?s={search_term_string}\"},\"query-input\":{\"@type\":\"PropertyValueSpecification\",\"valueRequired\":true,\"valueName\":\"search_term_string\"}}],\"inLanguage\":\"en-GB\"},{\"@type\":\"Organization\",\"@id\":\"https:\/\/www.goryapiinsaat.com\/#organization\",\"name\":\"G\u00f6r Yap\u0131\",\"url\":\"https:\/\/www.goryapiinsaat.com\/\",\"logo\":{\"@type\":\"ImageObject\",\"inLanguage\":\"en-GB\",\"@id\":\"https:\/\/www.goryapiinsaat.com\/#\/schema\/logo\/image\/\",\"url\":\"https:\/\/www.goryapiinsaat.com\/wp-content\/uploads\/2024\/06\/LOGO100h.png\",\"contentUrl\":\"https:\/\/www.goryapiinsaat.com\/wp-content\/uploads\/2024\/06\/LOGO100h.png\",\"width\":182,\"height\":100,\"caption\":\"G\u00f6r Yap\u0131\"},\"image\":{\"@id\":\"https:\/\/www.goryapiinsaat.com\/#\/schema\/logo\/image\/\"}}]}<\/script>\r\n<!-- \/ Yoast SEO plugin. -->","yoast_head_json":{"title":"\u0130\u015f G\u00fcvenli\u011fi Politikam\u0131z - G\u00f6r Yap\u0131","description":"Bakg\u00f6rler, BAKG\u00d6R in\u015faat, g\u00f6r yap, G\u00f6ryap\u0131, ona in\u015faat, y B Holding ,y B in\u015faat, Ono Holding, Bakyap\u0131, bak Yap\u0131 in\u015faat, Bursa Akp\u0131nar mahallesi, Bursa balat, Bursa Nil\u00fcfer in\u015faat, Bursa\u2019da anahtar teslim ev yap\u0131m\u0131, bursa in\u015faat firmas\u0131, bursa m\u00fcteahhitlik hizmetleri, Anahtar teslim in\u015faat, Konut in\u015faat\u0131, Ticari bina in\u015faat\u0131, G\u00f6r Yap\u0131, Yeni nesil ya\u015fam alanlar\u0131","robots":{"index":"index","follow":"follow","max-snippet":"max-snippet:-1","max-image-preview":"max-image-preview:large","max-video-preview":"max-video-preview:-1"},"canonical":"https:\/\/www.goryapiinsaat.com\/index.php\/is-guvenligi-politikamiz\/","og_locale":"en_GB","og_type":"article","og_title":"\u0130\u015f G\u00fcvenli\u011fi Politikam\u0131z - G\u00f6r Yap\u0131","og_description":"Bakg\u00f6rler, BAKG\u00d6R in\u015faat, g\u00f6r yap, G\u00f6ryap\u0131, ona in\u015faat, y B Holding ,y B in\u015faat, Ono Holding, Bakyap\u0131, bak Yap\u0131 in\u015faat, Bursa Akp\u0131nar mahallesi, Bursa balat, Bursa Nil\u00fcfer in\u015faat, Bursa\u2019da anahtar teslim ev yap\u0131m\u0131, bursa in\u015faat firmas\u0131, bursa m\u00fcteahhitlik hizmetleri, Anahtar teslim in\u015faat, Konut in\u015faat\u0131, Ticari bina in\u015faat\u0131, G\u00f6r Yap\u0131, Yeni nesil ya\u015fam alanlar\u0131","og_url":"https:\/\/www.goryapiinsaat.com\/index.php\/is-guvenligi-politikamiz\/","og_site_name":"G\u00f6r Yap\u0131","article_modified_time":"2025-03-19T11:41:12+00:00","twitter_card":"summary_large_image","twitter_misc":{"Estimated reading time":"1 minute"},"schema":{"@context":"https:\/\/schema.org","@graph":[{"@type":"WebPage","@id":"https:\/\/www.goryapiinsaat.com\/index.php\/is-guvenligi-politikamiz\/","url":"https:\/\/www.goryapiinsaat.com\/index.php\/is-guvenligi-politikamiz\/","name":"\u0130\u015f G\u00fcvenli\u011fi Politikam\u0131z - G\u00f6r Yap\u0131","isPartOf":{"@id":"https:\/\/www.goryapiinsaat.com\/#website"},"datePublished":"2025-03-19T11:39:54+00:00","dateModified":"2025-03-19T11:41:12+00:00","description":"Bakg\u00f6rler, BAKG\u00d6R in\u015faat, g\u00f6r yap, G\u00f6ryap\u0131, ona in\u015faat, y B Holding ,y B in\u015faat, Ono Holding, Bakyap\u0131, bak Yap\u0131 in\u015faat, Bursa Akp\u0131nar mahallesi, Bursa balat, Bursa Nil\u00fcfer in\u015faat, Bursa\u2019da anahtar teslim ev yap\u0131m\u0131, bursa in\u015faat firmas\u0131, bursa m\u00fcteahhitlik hizmetleri, Anahtar teslim in\u015faat, Konut in\u015faat\u0131, Ticari bina in\u015faat\u0131, G\u00f6r Yap\u0131, Yeni nesil ya\u015fam alanlar\u0131","breadcrumb":{"@id":"https:\/\/www.goryapiinsaat.com\/index.php\/is-guvenligi-politikamiz\/#breadcrumb"},"inLanguage":"en-GB","potentialAction":[{"@type":"ReadAction","target":["https:\/\/www.goryapiinsaat.com\/index.php\/is-guvenligi-politikamiz\/"]}]},{"@type":"BreadcrumbList","@id":"https:\/\/www.goryapiinsaat.com\/index.php\/is-guvenligi-politikamiz\/#breadcrumb","itemListElement":[{"@type":"ListItem","position":1,"name":"Home","item":"https:\/\/www.goryapiinsaat.com\/"},{"@type":"ListItem","position":2,"name":"\u0130\u015f G\u00fcvenli\u011fi Politikam\u0131z"}]},{"@type":"WebSite","@id":"https:\/\/www.goryapiinsaat.com\/#website","url":"https:\/\/www.goryapiinsaat.com\/","name":"G\u00f6r Yap\u0131","description":"","publisher":{"@id":"https:\/\/www.goryapiinsaat.com\/#organization"},"potentialAction":[{"@type":"SearchAction","target":{"@type":"EntryPoint","urlTemplate":"https:\/\/www.goryapiinsaat.com\/?s={search_term_string}"},"query-input":{"@type":"PropertyValueSpecification","valueRequired":true,"valueName":"search_term_string"}}],"inLanguage":"en-GB"},{"@type":"Organization","@id":"https:\/\/www.goryapiinsaat.com\/#organization","name":"G\u00f6r Yap\u0131","url":"https:\/\/www.goryapiinsaat.com\/","logo":{"@type":"ImageObject","inLanguage":"en-GB","@id":"https:\/\/www.goryapiinsaat.com\/#\/schema\/logo\/image\/","url":"https:\/\/www.goryapiinsaat.com\/wp-content\/uploads\/2024\/06\/LOGO100h.png","contentUrl":"https:\/\/www.goryapiinsaat.com\/wp-content\/uploads\/2024\/06\/LOGO100h.png","width":182,"height":100,"caption":"G\u00f6r Yap\u0131"},"image":{"@id":"https:\/\/www.goryapiinsaat.com\/#\/schema\/logo\/image\/"}}]}},"_links":{"self":[{"href":"https:\/\/www.goryapiinsaat.com\/index.php\/wp-json\/wp\/v2\/pages\/7261","targetHints":{"allow":["GET"]}}],"collection":[{"href":"https:\/\/www.goryapiinsaat.com\/index.php\/wp-json\/wp\/v2\/pages"}],"about":[{"href":"https:\/\/www.goryapiinsaat.com\/index.php\/wp-json\/wp\/v2\/types\/page"}],"author":[{"embeddable":true,"href":"https:\/\/www.goryapiinsaat.com\/index.php\/wp-json\/wp\/v2\/users\/1"}],"replies":[{"embeddable":true,"href":"https:\/\/www.goryapiinsaat.com\/index.php\/wp-json\/wp\/v2\/comments?post=7261"}],"version-history":[{"count":7,"href":"https:\/\/www.goryapiinsaat.com\/index.php\/wp-json\/wp\/v2\/pages\/7261\/revisions"}],"predecessor-version":[{"id":7268,"href":"https:\/\/www.goryapiinsaat.com\/index.php\/wp-json\/wp\/v2\/pages\/7261\/revisions\/7268"}],"wp:attachment":[{"href":"https:\/\/www.goryapiinsaat.com\/index.php\/wp-json\/wp\/v2\/media?parent=7261"}],"curies":[{"name":"wp","href":"https:\/\/api.w.org\/{rel}","templated":true}]}}