{"id":7250,"date":"2025-03-19T11:35:57","date_gmt":"2025-03-19T11:35:57","guid":{"rendered":"https:\/\/www.goryapiinsaat.com\/?page_id=7250"},"modified":"2025-03-26T11:51:30","modified_gmt":"2025-03-26T11:51:30","slug":"cevre-politikamiz","status":"publish","type":"page","link":"https:\/\/www.goryapiinsaat.com\/index.php\/cevre-politikamiz\/","title":{"rendered":"\u00c7evre Politikam\u0131z"},"content":{"rendered":"\t\t<div data-elementor-type=\"wp-page\" data-elementor-id=\"7250\" class=\"elementor elementor-7250\">\n\t\t\t\t<div class=\"elementor-element elementor-element-04028d7 e-flex e-con-boxed e-con e-parent\" data-id=\"04028d7\" data-element_type=\"container\" data-settings=\"{&quot;ekit_has_onepagescroll_dot&quot;:&quot;yes&quot;}\">\n\t\t\t\t\t<div class=\"e-con-inner\">\n\t\t\t\t<div class=\"elementor-element elementor-element-d5b210f elementor-widget elementor-widget-text-editor\" data-id=\"d5b210f\" data-element_type=\"widget\" data-settings=\"{&quot;ekit_we_effect_on&quot;:&quot;none&quot;}\" data-widget_type=\"text-editor.default\">\n\t\t\t\t<div class=\"elementor-widget-container\">\n\t\t\t\t\t\t\t\t\t<p>G\u00d6R YAPI \u0130N\u015eAAT; \u00e7evre politikas\u0131nda \u00e7al\u0131\u015fanlar\u0131n\u0131n ve di\u011fer t\u00fcm sosyal payda\u015flar\u0131n\u0131n ya\u015fam kalitesini koruyan ve art\u0131ran bir yakla\u015f\u0131m\u0131 benimsemekte; faaliyetlerinin \u00e7evreye verebilece\u011fi zararlar\u0131 en aza indirgemek i\u00e7in \u00e7al\u0131\u015fmalar\u0131n\u0131 a\u015fa\u011f\u0131da belirlenen ilkeler do\u011frultusunda \u015fekillendirmektedir.<\/p><p>Bu do\u011frultuda G\u00d6R YAPI ;<\/p><p>\u00c7al\u0131\u015fmalar\u0131n\u0131n \u00e7evre \u00fczerindeki etkisini tespit eder ve olumsuz etkileri en aza indirecek her t\u00fcrl\u00fc \u00f6nlemi al\u0131r.<\/p><p>\u00c7al\u0131\u015fmalar\u0131 i\u00e7in gerekli enerji ve do\u011fal kaynaklar\u0131 en etkin \u015fekilde kullan\u0131r; israf\u0131 \u00f6nlemek i\u00e7in gerekli \u00f6nlemleri al\u0131r.<\/p><p>\u00c7al\u0131\u015fmalar\u0131n\u0131n sonunda meydana gelen at\u0131klar\u0131 kontrol alt\u0131nda tutar; hava, su ve topra\u011f\u0131n kirlenmesini \u00f6nlemek i\u00e7in gerekli \u00f6nlemleri al\u0131r ve bunlar\u0131 s\u00fcrekli geli\u015ftirir.<\/p><p>Yapt\u0131\u011f\u0131 i\u015f, sundu\u011fu hizmet ve \u00fcretti\u011fi \u00fcr\u00fcnlerde \u00e7evre ile ilgili y\u00fcr\u00fcrl\u00fckteki yasal mevzuat\u0131n ve \u00fcyesi oldu\u011fu kurulu\u015flar\u0131n di\u011fer \u015fartlar\u0131n\u0131 yerine getirir.<\/p><p>\u00c7evre ile ilgili t\u00fcm \u00e7al\u0131\u015fmalar\u0131n\u0131n, olu\u015fturdu\u011fu politikalar do\u011frultusunda yap\u0131lmas\u0131n\u0131 ve bunun s\u00fcreklili\u011fini sa\u011flar.<\/p><p>Kendisinin ve di\u011fer \u015fah\u0131slar\u0131n can\u0131na, mal\u0131na ve m\u00fclk\u00fcne zarar vermemek i\u00e7in \u00e7evreye verece\u011fi zararl\u0131 bir etki s\u00f6z konusu olursa tehlikeyi daha ba\u015flang\u0131\u00e7 a\u015famas\u0131nda kontrol edip, s\u00fcrekli izleyerek gerekli d\u00fczenlemeleri yapar ve uygulama a\u015famas\u0131nda m\u00fcmk\u00fcn olan her t\u00fcrl\u00fc korumay\u0131 sa\u011flar<\/p><p>\u00c7al\u0131\u015fmalar\u0131n\u0131n, kamu yarar\u0131na ve kamu eri\u015fimine a\u00e7\u0131k olmas\u0131n\u0131 sa\u011flar.<\/p><p>\u00c7al\u0131\u015fanlar\u0131n\u0131n, \u00e7evre bilincini geli\u015ftirmek amac\u0131yla s\u00fcrekli e\u011fitim ve bilin\u00e7lendirme \u00e7al\u0131\u015fmalar\u0131 y\u00fcr\u00fct\u00fcr.<\/p>\t\t\t\t\t\t\t\t<\/div>\n\t\t\t\t<\/div>\n\t\t\t\t\t<\/div>\n\t\t\t\t<\/div>\n\t\t\t\t<\/div>\n\t\t","protected":false},"excerpt":{"rendered":"<p>G\u00d6R YAPI \u0130N\u015eAAT; \u00e7evre politikas\u0131nda \u00e7al\u0131\u015fanlar\u0131n\u0131n ve di\u011fer t\u00fcm sosyal payda\u015flar\u0131n\u0131n ya\u015fam [&hellip;]<\/p>\n","protected":false},"author":1,"featured_media":0,"parent":0,"menu_order":0,"comment_status":"closed","ping_status":"closed","template":"","meta":{"footnotes":""},"class_list":["post-7250","page","type-page","status-publish","hentry"],"yoast_head":"<!-- This site is optimized with the Yoast SEO plugin v26.3 - https:\/\/yoast.com\/wordpress\/plugins\/seo\/ -->\r\n<title>\u00c7evre Politikam\u0131z - G\u00f6r Yap\u0131<\/title>\r\n<meta name=\"description\" content=\"Bakg\u00f6rler, BAKG\u00d6R in\u015faat, g\u00f6r yap, G\u00f6ryap\u0131, ona in\u015faat, y B Holding ,y B in\u015faat, Ono Holding, Bakyap\u0131, bak Yap\u0131 in\u015faat, Bursa Akp\u0131nar mahallesi, Bursa balat, Bursa Nil\u00fcfer in\u015faat, Bursa\u2019da anahtar teslim ev yap\u0131m\u0131, bursa in\u015faat firmas\u0131, bursa m\u00fcteahhitlik hizmetleri, Anahtar teslim in\u015faat, Konut in\u015faat\u0131, Ticari bina in\u015faat\u0131, G\u00f6r Yap\u0131, Yeni nesil ya\u015fam alanlar\u0131\" \/>\r\n<meta name=\"robots\" content=\"index, follow, max-snippet:-1, max-image-preview:large, max-video-preview:-1\" \/>\r\n<link rel=\"canonical\" href=\"https:\/\/www.goryapiinsaat.com\/index.php\/cevre-politikamiz\/\" \/>\r\n<meta property=\"og:locale\" content=\"en_GB\" \/>\r\n<meta property=\"og:type\" content=\"article\" \/>\r\n<meta property=\"og:title\" content=\"\u00c7evre Politikam\u0131z - G\u00f6r Yap\u0131\" \/>\r\n<meta property=\"og:description\" content=\"Bakg\u00f6rler, BAKG\u00d6R in\u015faat, g\u00f6r yap, G\u00f6ryap\u0131, ona in\u015faat, y B Holding ,y B in\u015faat, Ono Holding, Bakyap\u0131, bak Yap\u0131 in\u015faat, Bursa Akp\u0131nar mahallesi, Bursa balat, Bursa Nil\u00fcfer in\u015faat, Bursa\u2019da anahtar teslim ev yap\u0131m\u0131, bursa in\u015faat firmas\u0131, bursa m\u00fcteahhitlik hizmetleri, Anahtar teslim in\u015faat, Konut in\u015faat\u0131, Ticari bina in\u015faat\u0131, G\u00f6r Yap\u0131, Yeni nesil ya\u015fam alanlar\u0131\" \/>\r\n<meta property=\"og:url\" content=\"https:\/\/www.goryapiinsaat.com\/index.php\/cevre-politikamiz\/\" \/>\r\n<meta property=\"og:site_name\" content=\"G\u00f6r Yap\u0131\" \/>\r\n<meta property=\"article:modified_time\" content=\"2025-03-26T11:51:30+00:00\" \/>\r\n<meta name=\"twitter:card\" content=\"summary_large_image\" \/>\r\n<meta name=\"twitter:label1\" content=\"Estimated reading time\" \/>\n\t<meta name=\"twitter:data1\" content=\"1 minute\" \/>\r\n<script type=\"application\/ld+json\" class=\"yoast-schema-graph\">{\"@context\":\"https:\/\/schema.org\",\"@graph\":[{\"@type\":\"WebPage\",\"@id\":\"https:\/\/www.goryapiinsaat.com\/index.php\/cevre-politikamiz\/\",\"url\":\"https:\/\/www.goryapiinsaat.com\/index.php\/cevre-politikamiz\/\",\"name\":\"\u00c7evre Politikam\u0131z - G\u00f6r Yap\u0131\",\"isPartOf\":{\"@id\":\"https:\/\/www.goryapiinsaat.com\/#website\"},\"datePublished\":\"2025-03-19T11:35:57+00:00\",\"dateModified\":\"2025-03-26T11:51:30+00:00\",\"description\":\"Bakg\u00f6rler, BAKG\u00d6R in\u015faat, g\u00f6r yap, G\u00f6ryap\u0131, ona in\u015faat, y B Holding ,y B in\u015faat, Ono Holding, Bakyap\u0131, bak Yap\u0131 in\u015faat, Bursa Akp\u0131nar mahallesi, Bursa balat, Bursa Nil\u00fcfer in\u015faat, Bursa\u2019da anahtar teslim ev yap\u0131m\u0131, bursa in\u015faat firmas\u0131, bursa m\u00fcteahhitlik hizmetleri, Anahtar teslim in\u015faat, Konut in\u015faat\u0131, Ticari bina in\u015faat\u0131, G\u00f6r Yap\u0131, Yeni nesil ya\u015fam alanlar\u0131\",\"breadcrumb\":{\"@id\":\"https:\/\/www.goryapiinsaat.com\/index.php\/cevre-politikamiz\/#breadcrumb\"},\"inLanguage\":\"en-GB\",\"potentialAction\":[{\"@type\":\"ReadAction\",\"target\":[\"https:\/\/www.goryapiinsaat.com\/index.php\/cevre-politikamiz\/\"]}]},{\"@type\":\"BreadcrumbList\",\"@id\":\"https:\/\/www.goryapiinsaat.com\/index.php\/cevre-politikamiz\/#breadcrumb\",\"itemListElement\":[{\"@type\":\"ListItem\",\"position\":1,\"name\":\"Home\",\"item\":\"https:\/\/www.goryapiinsaat.com\/\"},{\"@type\":\"ListItem\",\"position\":2,\"name\":\"\u00c7evre Politikam\u0131z\"}]},{\"@type\":\"WebSite\",\"@id\":\"https:\/\/www.goryapiinsaat.com\/#website\",\"url\":\"https:\/\/www.goryapiinsaat.com\/\",\"name\":\"G\u00f6r Yap\u0131\",\"description\":\"\",\"publisher\":{\"@id\":\"https:\/\/www.goryapiinsaat.com\/#organization\"},\"potentialAction\":[{\"@type\":\"SearchAction\",\"target\":{\"@type\":\"EntryPoint\",\"urlTemplate\":\"https:\/\/www.goryapiinsaat.com\/?s={search_term_string}\"},\"query-input\":{\"@type\":\"PropertyValueSpecification\",\"valueRequired\":true,\"valueName\":\"search_term_string\"}}],\"inLanguage\":\"en-GB\"},{\"@type\":\"Organization\",\"@id\":\"https:\/\/www.goryapiinsaat.com\/#organization\",\"name\":\"G\u00f6r Yap\u0131\",\"url\":\"https:\/\/www.goryapiinsaat.com\/\",\"logo\":{\"@type\":\"ImageObject\",\"inLanguage\":\"en-GB\",\"@id\":\"https:\/\/www.goryapiinsaat.com\/#\/schema\/logo\/image\/\",\"url\":\"https:\/\/www.goryapiinsaat.com\/wp-content\/uploads\/2024\/06\/LOGO100h.png\",\"contentUrl\":\"https:\/\/www.goryapiinsaat.com\/wp-content\/uploads\/2024\/06\/LOGO100h.png\",\"width\":182,\"height\":100,\"caption\":\"G\u00f6r Yap\u0131\"},\"image\":{\"@id\":\"https:\/\/www.goryapiinsaat.com\/#\/schema\/logo\/image\/\"}}]}<\/script>\r\n<!-- \/ Yoast SEO plugin. -->","yoast_head_json":{"title":"\u00c7evre Politikam\u0131z - G\u00f6r Yap\u0131","description":"Bakg\u00f6rler, BAKG\u00d6R in\u015faat, g\u00f6r yap, G\u00f6ryap\u0131, ona in\u015faat, y B Holding ,y B in\u015faat, Ono Holding, Bakyap\u0131, bak Yap\u0131 in\u015faat, Bursa Akp\u0131nar mahallesi, Bursa balat, Bursa Nil\u00fcfer in\u015faat, Bursa\u2019da anahtar teslim ev yap\u0131m\u0131, bursa in\u015faat firmas\u0131, bursa m\u00fcteahhitlik hizmetleri, Anahtar teslim in\u015faat, Konut in\u015faat\u0131, Ticari bina in\u015faat\u0131, G\u00f6r Yap\u0131, Yeni nesil ya\u015fam alanlar\u0131","robots":{"index":"index","follow":"follow","max-snippet":"max-snippet:-1","max-image-preview":"max-image-preview:large","max-video-preview":"max-video-preview:-1"},"canonical":"https:\/\/www.goryapiinsaat.com\/index.php\/cevre-politikamiz\/","og_locale":"en_GB","og_type":"article","og_title":"\u00c7evre Politikam\u0131z - G\u00f6r Yap\u0131","og_description":"Bakg\u00f6rler, BAKG\u00d6R in\u015faat, g\u00f6r yap, G\u00f6ryap\u0131, ona in\u015faat, y B Holding ,y B in\u015faat, Ono Holding, Bakyap\u0131, bak Yap\u0131 in\u015faat, Bursa Akp\u0131nar mahallesi, Bursa balat, Bursa Nil\u00fcfer in\u015faat, Bursa\u2019da anahtar teslim ev yap\u0131m\u0131, bursa in\u015faat firmas\u0131, bursa m\u00fcteahhitlik hizmetleri, Anahtar teslim in\u015faat, Konut in\u015faat\u0131, Ticari bina in\u015faat\u0131, G\u00f6r Yap\u0131, Yeni nesil ya\u015fam alanlar\u0131","og_url":"https:\/\/www.goryapiinsaat.com\/index.php\/cevre-politikamiz\/","og_site_name":"G\u00f6r Yap\u0131","article_modified_time":"2025-03-26T11:51:30+00:00","twitter_card":"summary_large_image","twitter_misc":{"Estimated reading time":"1 minute"},"schema":{"@context":"https:\/\/schema.org","@graph":[{"@type":"WebPage","@id":"https:\/\/www.goryapiinsaat.com\/index.php\/cevre-politikamiz\/","url":"https:\/\/www.goryapiinsaat.com\/index.php\/cevre-politikamiz\/","name":"\u00c7evre Politikam\u0131z - G\u00f6r Yap\u0131","isPartOf":{"@id":"https:\/\/www.goryapiinsaat.com\/#website"},"datePublished":"2025-03-19T11:35:57+00:00","dateModified":"2025-03-26T11:51:30+00:00","description":"Bakg\u00f6rler, BAKG\u00d6R in\u015faat, g\u00f6r yap, G\u00f6ryap\u0131, ona in\u015faat, y B Holding ,y B in\u015faat, Ono Holding, Bakyap\u0131, bak Yap\u0131 in\u015faat, Bursa Akp\u0131nar mahallesi, Bursa balat, Bursa Nil\u00fcfer in\u015faat, Bursa\u2019da anahtar teslim ev yap\u0131m\u0131, bursa in\u015faat firmas\u0131, bursa m\u00fcteahhitlik hizmetleri, Anahtar teslim in\u015faat, Konut in\u015faat\u0131, Ticari bina in\u015faat\u0131, G\u00f6r Yap\u0131, Yeni nesil ya\u015fam alanlar\u0131","breadcrumb":{"@id":"https:\/\/www.goryapiinsaat.com\/index.php\/cevre-politikamiz\/#breadcrumb"},"inLanguage":"en-GB","potentialAction":[{"@type":"ReadAction","target":["https:\/\/www.goryapiinsaat.com\/index.php\/cevre-politikamiz\/"]}]},{"@type":"BreadcrumbList","@id":"https:\/\/www.goryapiinsaat.com\/index.php\/cevre-politikamiz\/#breadcrumb","itemListElement":[{"@type":"ListItem","position":1,"name":"Home","item":"https:\/\/www.goryapiinsaat.com\/"},{"@type":"ListItem","position":2,"name":"\u00c7evre Politikam\u0131z"}]},{"@type":"WebSite","@id":"https:\/\/www.goryapiinsaat.com\/#website","url":"https:\/\/www.goryapiinsaat.com\/","name":"G\u00f6r Yap\u0131","description":"","publisher":{"@id":"https:\/\/www.goryapiinsaat.com\/#organization"},"potentialAction":[{"@type":"SearchAction","target":{"@type":"EntryPoint","urlTemplate":"https:\/\/www.goryapiinsaat.com\/?s={search_term_string}"},"query-input":{"@type":"PropertyValueSpecification","valueRequired":true,"valueName":"search_term_string"}}],"inLanguage":"en-GB"},{"@type":"Organization","@id":"https:\/\/www.goryapiinsaat.com\/#organization","name":"G\u00f6r Yap\u0131","url":"https:\/\/www.goryapiinsaat.com\/","logo":{"@type":"ImageObject","inLanguage":"en-GB","@id":"https:\/\/www.goryapiinsaat.com\/#\/schema\/logo\/image\/","url":"https:\/\/www.goryapiinsaat.com\/wp-content\/uploads\/2024\/06\/LOGO100h.png","contentUrl":"https:\/\/www.goryapiinsaat.com\/wp-content\/uploads\/2024\/06\/LOGO100h.png","width":182,"height":100,"caption":"G\u00f6r Yap\u0131"},"image":{"@id":"https:\/\/www.goryapiinsaat.com\/#\/schema\/logo\/image\/"}}]}},"_links":{"self":[{"href":"https:\/\/www.goryapiinsaat.com\/index.php\/wp-json\/wp\/v2\/pages\/7250","targetHints":{"allow":["GET"]}}],"collection":[{"href":"https:\/\/www.goryapiinsaat.com\/index.php\/wp-json\/wp\/v2\/pages"}],"about":[{"href":"https:\/\/www.goryapiinsaat.com\/index.php\/wp-json\/wp\/v2\/types\/page"}],"author":[{"embeddable":true,"href":"https:\/\/www.goryapiinsaat.com\/index.php\/wp-json\/wp\/v2\/users\/1"}],"replies":[{"embeddable":true,"href":"https:\/\/www.goryapiinsaat.com\/index.php\/wp-json\/wp\/v2\/comments?post=7250"}],"version-history":[{"count":10,"href":"https:\/\/www.goryapiinsaat.com\/index.php\/wp-json\/wp\/v2\/pages\/7250\/revisions"}],"predecessor-version":[{"id":7260,"href":"https:\/\/www.goryapiinsaat.com\/index.php\/wp-json\/wp\/v2\/pages\/7250\/revisions\/7260"}],"wp:attachment":[{"href":"https:\/\/www.goryapiinsaat.com\/index.php\/wp-json\/wp\/v2\/media?parent=7250"}],"curies":[{"name":"wp","href":"https:\/\/api.w.org\/{rel}","templated":true}]}}